{"id":38668,"date":"2023-07-30T22:24:43","date_gmt":"2023-07-31T01:24:43","guid":{"rendered":"https:\/\/www.vagadeempregorj.com.br\/?page_id=38668"},"modified":"2026-01-19T14:18:43","modified_gmt":"2026-01-19T17:18:43","slug":"terms-of-use","status":"publish","type":"page","link":"https:\/\/www.vagadeempregorj.com.br\/en\/termos-de-uso\/","title":{"rendered":"Terms of Use"},"content":{"rendered":"<p>By accessing and using our Website, you accept our Terms of Use, as well as our Privacy and Cookie Policy.<\/p>\n<p>It is strictly prohibited to spam our website or share links to other websites.<\/p>\n<p>The vacancies advertised on our website <a href=\"https:\/\/www.vagadeempregorj.com.br\/en\/\">Job Vacancy Rio de Janeiro<\/a> are shared and publicized on our social networks.<\/p>\n<p>The Vaga de Emprego RJ website aims to facilitate the digital experience of CANDIDATES and advertising companies. The Vaga de Emprego RJ website does not have the legal prerogative to monitor and\/or inspect the accuracy of information provided by the company regarding the characteristics of the job advertised. The Vaga de Emprego RJ website is not responsible for the content or accuracy of the advertised vacancies, for the communications established between the companies and CANDIDATES, nor for the management of the selection processes by the companies advertising the job vacancies. These companies are solely responsible for the vacancies, communications, and selection processes they advertise and\/or conduct. It is the CANDIDATE&#039;s responsibility to ensure their own best interests. Therefore, the CANDIDATE expressly acknowledges and agrees that the Vaga de Emprego RJ website shall not be held liable to the CANDIDATE or any third party for any losses or damages of any kind that may become known as a result of such negotiations, whether contractual, extra-contractual, or of any other nature.<\/p>\n<p>If you find content published here without authorization, please request its removal through our social media channels. Your request will be reviewed, and if deemed valid, we will proceed to remove the content.<\/p>\n<p>If you no longer wish to receive our newsletters, simply click on the unsubscribe link located at the bottom of the email.<\/p>\n<p>Join our social media networks and receive daily notifications of new job openings! You can also get notifications on your mobile phone or computer by clicking the &quot;bell&quot; icon in the bottom right corner.<\/p>\n<p>We wish you all success and good luck!<\/p>\n<p>Rio de Janeiro Job Vacancy Team!<\/p>","protected":false},"excerpt":{"rendered":"<p>Ao acessar nosso Site e utiliz\u00e1-lo, voc\u00ea aceita nossos Termos de Uso, bem como a nossa Pol\u00edtica de Privacidade e Cookie. \u00c9 totalmente proibido fazer spam em nosso site ou divulgar link de outro site. As vagas anunciadas em nosso site Vaga de Emprego Rio de Janeiro s\u00e3o compartilhadas e divulgadas em nossas redes sociais.&hellip;&nbsp;<\/p>","protected":false},"author":1,"featured_media":0,"parent":0,"menu_order":0,"comment_status":"closed","ping_status":"closed","template":"","meta":{"neve_meta_sidebar":"","neve_meta_container":"","neve_meta_enable_content_width":"","neve_meta_content_width":0,"neve_meta_title_alignment":"","neve_meta_author_avatar":"","neve_post_elements_order":"","neve_meta_disable_header":"","neve_meta_disable_footer":"","neve_meta_disable_title":"","footnotes":""},"class_list":["post-38668","page","type-page","status-publish","hentry"],"yoast_head":"<!-- This site is optimized with the Yoast SEO plugin v27.4 - https:\/\/yoast.com\/product\/yoast-seo-wordpress\/ -->\n<title>Termos de Uso -<\/title>\n<meta name=\"robots\" content=\"index, follow, max-snippet:-1, max-image-preview:large, max-video-preview:-1\" \/>\n<link rel=\"canonical\" href=\"https:\/\/www.vagadeempregorj.com.br\/en\/terms-of-use\/\" \/>\n<meta property=\"og:locale\" content=\"en_US\" \/>\n<meta property=\"og:type\" content=\"article\" \/>\n<meta property=\"og:title\" content=\"Termos de Uso -\" \/>\n<meta property=\"og:description\" content=\"Ao acessar nosso Site e utiliz\u00e1-lo, voc\u00ea aceita nossos Termos de Uso, bem como a nossa Pol\u00edtica de Privacidade e Cookie. \u00c9 totalmente proibido fazer spam em nosso site ou divulgar link de outro site. As vagas anunciadas em nosso site Vaga de Emprego Rio de Janeiro s\u00e3o compartilhadas e divulgadas em nossas redes sociais.&hellip;&nbsp;\" \/>\n<meta property=\"og:url\" content=\"https:\/\/www.vagadeempregorj.com.br\/en\/terms-of-use\/\" \/>\n<meta property=\"article:publisher\" content=\"https:\/\/www.facebook.com\/empregobrasiloficial\" \/>\n<meta property=\"article:modified_time\" content=\"2026-01-19T17:18:43+00:00\" \/>\n<meta name=\"twitter:card\" content=\"summary_large_image\" \/>\n<meta name=\"twitter:label1\" content=\"Est. reading time\" \/>\n\t<meta name=\"twitter:data1\" content=\"2 minutes\" \/>\n<script type=\"application\/ld+json\" class=\"yoast-schema-graph\">{\"@context\":\"https:\\\/\\\/schema.org\",\"@graph\":[{\"@type\":\"WebPage\",\"@id\":\"https:\\\/\\\/www.vagadeempregorj.com.br\\\/termos-de-uso\\\/\",\"url\":\"https:\\\/\\\/www.vagadeempregorj.com.br\\\/termos-de-uso\\\/\",\"name\":\"Termos de Uso -\",\"isPartOf\":{\"@id\":\"https:\\\/\\\/www.vagadeempregorj.com.br\\\/#website\"},\"datePublished\":\"2023-07-31T01:24:43+00:00\",\"dateModified\":\"2026-01-19T17:18:43+00:00\",\"breadcrumb\":{\"@id\":\"https:\\\/\\\/www.vagadeempregorj.com.br\\\/termos-de-uso\\\/#breadcrumb\"},\"inLanguage\":\"en-US\",\"potentialAction\":[{\"@type\":\"ReadAction\",\"target\":[\"https:\\\/\\\/www.vagadeempregorj.com.br\\\/termos-de-uso\\\/\"]}]},{\"@type\":\"BreadcrumbList\",\"@id\":\"https:\\\/\\\/www.vagadeempregorj.com.br\\\/termos-de-uso\\\/#breadcrumb\",\"itemListElement\":[{\"@type\":\"ListItem\",\"position\":1,\"name\":\"In\u00edcio\",\"item\":\"https:\\\/\\\/www.vagadeempregorj.com.br\\\/\"},{\"@type\":\"ListItem\",\"position\":2,\"name\":\"Termos de Uso\"}]},{\"@type\":\"WebSite\",\"@id\":\"https:\\\/\\\/www.vagadeempregorj.com.br\\\/#website\",\"url\":\"https:\\\/\\\/www.vagadeempregorj.com.br\\\/\",\"name\":\"\",\"description\":\"Conquiste Sonhos: Vagas, Benef\u00edcios e Economia para Transformar Vidas e Alcan\u00e7ar Melhorias Cotidianas\",\"potentialAction\":[{\"@type\":\"SearchAction\",\"target\":{\"@type\":\"EntryPoint\",\"urlTemplate\":\"https:\\\/\\\/www.vagadeempregorj.com.br\\\/?s={search_term_string}\"},\"query-input\":{\"@type\":\"PropertyValueSpecification\",\"valueRequired\":true,\"valueName\":\"search_term_string\"}}],\"inLanguage\":\"en-US\"}]}<\/script>\n<!-- \/ Yoast SEO plugin. -->","yoast_head_json":{"title":"Terms of Use -","robots":{"index":"index","follow":"follow","max-snippet":"max-snippet:-1","max-image-preview":"max-image-preview:large","max-video-preview":"max-video-preview:-1"},"canonical":"https:\/\/www.vagadeempregorj.com.br\/en\/terms-of-use\/","og_locale":"en_US","og_type":"article","og_title":"Termos de Uso -","og_description":"Ao acessar nosso Site e utiliz\u00e1-lo, voc\u00ea aceita nossos Termos de Uso, bem como a nossa Pol\u00edtica de Privacidade e Cookie. \u00c9 totalmente proibido fazer spam em nosso site ou divulgar link de outro site. As vagas anunciadas em nosso site Vaga de Emprego Rio de Janeiro s\u00e3o compartilhadas e divulgadas em nossas redes sociais.&hellip;&nbsp;","og_url":"https:\/\/www.vagadeempregorj.com.br\/en\/terms-of-use\/","article_publisher":"https:\/\/www.facebook.com\/empregobrasiloficial","article_modified_time":"2026-01-19T17:18:43+00:00","twitter_card":"summary_large_image","twitter_misc":{"Est. reading time":"2 minutes"},"schema":{"@context":"https:\/\/schema.org","@graph":[{"@type":"WebPage","@id":"https:\/\/www.vagadeempregorj.com.br\/termos-de-uso\/","url":"https:\/\/www.vagadeempregorj.com.br\/termos-de-uso\/","name":"Terms of Use -","isPartOf":{"@id":"https:\/\/www.vagadeempregorj.com.br\/#website"},"datePublished":"2023-07-31T01:24:43+00:00","dateModified":"2026-01-19T17:18:43+00:00","breadcrumb":{"@id":"https:\/\/www.vagadeempregorj.com.br\/termos-de-uso\/#breadcrumb"},"inLanguage":"en-US","potentialAction":[{"@type":"ReadAction","target":["https:\/\/www.vagadeempregorj.com.br\/termos-de-uso\/"]}]},{"@type":"BreadcrumbList","@id":"https:\/\/www.vagadeempregorj.com.br\/termos-de-uso\/#breadcrumb","itemListElement":[{"@type":"ListItem","position":1,"name":"In\u00edcio","item":"https:\/\/www.vagadeempregorj.com.br\/"},{"@type":"ListItem","position":2,"name":"Termos de Uso"}]},{"@type":"WebSite","@id":"https:\/\/www.vagadeempregorj.com.br\/#website","url":"https:\/\/www.vagadeempregorj.com.br\/","name":"","description":"Achieve Dreams: Jobs, Benefits, and Savings to Transform Lives and Achieve Everyday Improvements","potentialAction":[{"@type":"SearchAction","target":{"@type":"EntryPoint","urlTemplate":"https:\/\/www.vagadeempregorj.com.br\/?s={search_term_string}"},"query-input":{"@type":"PropertyValueSpecification","valueRequired":true,"valueName":"search_term_string"}}],"inLanguage":"en-US"}]}},"_links":{"self":[{"href":"https:\/\/www.vagadeempregorj.com.br\/en\/wp-json\/wp\/v2\/pages\/38668","targetHints":{"allow":["GET"]}}],"collection":[{"href":"https:\/\/www.vagadeempregorj.com.br\/en\/wp-json\/wp\/v2\/pages"}],"about":[{"href":"https:\/\/www.vagadeempregorj.com.br\/en\/wp-json\/wp\/v2\/types\/page"}],"author":[{"embeddable":true,"href":"https:\/\/www.vagadeempregorj.com.br\/en\/wp-json\/wp\/v2\/users\/1"}],"replies":[{"embeddable":true,"href":"https:\/\/www.vagadeempregorj.com.br\/en\/wp-json\/wp\/v2\/comments?post=38668"}],"version-history":[{"count":1,"href":"https:\/\/www.vagadeempregorj.com.br\/en\/wp-json\/wp\/v2\/pages\/38668\/revisions"}],"predecessor-version":[{"id":44187,"href":"https:\/\/www.vagadeempregorj.com.br\/en\/wp-json\/wp\/v2\/pages\/38668\/revisions\/44187"}],"wp:attachment":[{"href":"https:\/\/www.vagadeempregorj.com.br\/en\/wp-json\/wp\/v2\/media?parent=38668"}],"curies":[{"name":"wp","href":"https:\/\/api.w.org\/{rel}","templated":true}]}}